{"id":700,"date":"2021-04-11T19:30:24","date_gmt":"2021-04-11T22:30:24","guid":{"rendered":"https:\/\/physical.ind.br\/?post_type=product&#038;p=700"},"modified":"2021-04-16T13:26:01","modified_gmt":"2021-04-16T16:26:01","slug":"rabatam","status":"publish","type":"product","link":"https:\/\/physical.ind.br\/index.php\/produto\/rabatam\/","title":{"rendered":"Rabatam"},"content":{"rendered":"<p>Perfilado terap\u00eautico em alto e baixo relevo :<br \/>\nUma espuma de poliuretano vulcanizado de corte ondulado, possui alto e baixo relevo, cada um com a sua fun\u00e7\u00e3o para otimizar o seu uso.<br \/>\nO alto relevo serve para promover uma massagem relaxante, como se fossem v\u00e1rias m\u00e3os massageando o corpo.<br \/>\nO baixo relevo \u00e9 utilizado para acomodar as pastilhas de infravermelho longo e os magnetos que comp\u00f5e o colch\u00e3o magn\u00e9tico.<\/p>\n","protected":false},"excerpt":{"rendered":"<p>Perfilado terap\u00eautico em alto e baixo relevo : Uma espuma de poliuretano vulcanizado de corte ondulado, possui alto e baixo relevo, cada um com a sua fun\u00e7\u00e3o para otimizar o seu uso. O alto relevo serve para promover uma massagem relaxante, como se fossem v\u00e1rias m\u00e3os massageando o corpo. O baixo relevo \u00e9 utilizado para &hellip;<\/p>\n<p class=\"read-more\"> <a class=\"\" href=\"https:\/\/physical.ind.br\/index.php\/produto\/rabatam\/\"> <span class=\"screen-reader-text\">Rabatam<\/span> Leia mais &raquo;<\/a><\/p>\n","protected":false},"featured_media":920,"template":"","meta":{"_monsterinsights_skip_tracking":false,"_monsterinsights_sitenote_active":false,"_monsterinsights_sitenote_note":"","_monsterinsights_sitenote_category":0},"_links":{"self":[{"href":"https:\/\/physical.ind.br\/index.php\/wp-json\/wp\/v2\/product\/700"}],"collection":[{"href":"https:\/\/physical.ind.br\/index.php\/wp-json\/wp\/v2\/product"}],"about":[{"href":"https:\/\/physical.ind.br\/index.php\/wp-json\/wp\/v2\/types\/product"}],"wp:featuredmedia":[{"embeddable":true,"href":"https:\/\/physical.ind.br\/index.php\/wp-json\/wp\/v2\/media\/920"}],"wp:attachment":[{"href":"https:\/\/physical.ind.br\/index.php\/wp-json\/wp\/v2\/media?parent=700"}],"curies":[{"name":"wp","href":"https:\/\/api.w.org\/{rel}","templated":true}]}}