{"id":699,"date":"2021-04-11T19:26:32","date_gmt":"2021-04-11T22:26:32","guid":{"rendered":"https:\/\/physical.ind.br\/?post_type=product&#038;p=699"},"modified":"2021-04-11T19:42:42","modified_gmt":"2021-04-11T22:42:42","slug":"shyatsu-roller","status":"publish","type":"product","link":"https:\/\/physical.ind.br\/index.php\/produto\/shyatsu-roller\/","title":{"rendered":"Shyatsu Roller"},"content":{"rendered":"<p>A Almofada massageadora Shyatsu Roller proporciona massagens para o alivio de tens\u00f5es e dores musculares.<br \/>\nEla possui um mecanismo bidirecional que pode ser utilizado no pesco\u00e7o, costas, abd\u00f4men, cintura, panturrilha e p\u00e9s.<\/p>\n<p>\u2714 Bivolt<br \/>\n\u2714 L\u00e2mpada de aquecimento<br \/>\n\u2714 Adaptador pra acendedor do carro<\/p>\n","protected":false},"excerpt":{"rendered":"<p>A Almofada massageadora Shyatsu Roller proporciona massagens para o alivio de tens\u00f5es e dores musculares. Ela possui um mecanismo bidirecional que pode ser utilizado no pesco\u00e7o, costas, abd\u00f4men, cintura, panturrilha e p\u00e9s. \u2714 Bivolt \u2714 L\u00e2mpada de aquecimento \u2714 Adaptador pra acendedor do carro<\/p>\n","protected":false},"featured_media":706,"template":"","meta":{"_monsterinsights_skip_tracking":false,"_monsterinsights_sitenote_active":false,"_monsterinsights_sitenote_note":"","_monsterinsights_sitenote_category":0},"_links":{"self":[{"href":"https:\/\/physical.ind.br\/index.php\/wp-json\/wp\/v2\/product\/699"}],"collection":[{"href":"https:\/\/physical.ind.br\/index.php\/wp-json\/wp\/v2\/product"}],"about":[{"href":"https:\/\/physical.ind.br\/index.php\/wp-json\/wp\/v2\/types\/product"}],"wp:featuredmedia":[{"embeddable":true,"href":"https:\/\/physical.ind.br\/index.php\/wp-json\/wp\/v2\/media\/706"}],"wp:attachment":[{"href":"https:\/\/physical.ind.br\/index.php\/wp-json\/wp\/v2\/media?parent=699"}],"curies":[{"name":"wp","href":"https:\/\/api.w.org\/{rel}","templated":true}]}}