{"id":698,"date":"2021-04-11T19:24:42","date_gmt":"2021-04-11T22:24:42","guid":{"rendered":"https:\/\/physical.ind.br\/?post_type=product&#038;p=698"},"modified":"2021-04-12T16:25:59","modified_gmt":"2021-04-12T19:25:59","slug":"travesseiro-pillow","status":"publish","type":"product","link":"https:\/\/physical.ind.br\/index.php\/produto\/travesseiro-pillow\/","title":{"rendered":"Travesseiro Pillow"},"content":{"rendered":"<p>O travesseiro Pillow possui uma espuma mais r\u00edgida e uma ondula\u00e7\u00e3o anat\u00f4mica que se adapta melhor curvatura do ombro e pesco\u00e7o, sua espuma perfilada massageia o rosto enquanto voc\u00ea dorme, aliado \u00e0 terapia das pastilhas de im\u00e3 e infravermelho.<br \/>\n\u2714 Anat\u00f4mico<br \/>\n\u2714 Antial\u00e9rgico e Anti\u00e1caro<br \/>\n\u2714 2 op\u00e7\u00f5es de Altura<\/p>\n","protected":false},"excerpt":{"rendered":"<p>O travesseiro Pillow possui uma espuma mais r\u00edgida e uma ondula\u00e7\u00e3o anat\u00f4mica que se adapta melhor curvatura do ombro e pesco\u00e7o, sua espuma perfilada massageia o rosto enquanto voc\u00ea dorme, aliado \u00e0 terapia das pastilhas de im\u00e3 e infravermelho. \u2714 Anat\u00f4mico \u2714 Antial\u00e9rgico e Anti\u00e1caro \u2714 2 op\u00e7\u00f5es de Altura<\/p>\n","protected":false},"featured_media":704,"template":"","meta":{"_monsterinsights_skip_tracking":false,"_monsterinsights_sitenote_active":false,"_monsterinsights_sitenote_note":"","_monsterinsights_sitenote_category":0},"_links":{"self":[{"href":"https:\/\/physical.ind.br\/index.php\/wp-json\/wp\/v2\/product\/698"}],"collection":[{"href":"https:\/\/physical.ind.br\/index.php\/wp-json\/wp\/v2\/product"}],"about":[{"href":"https:\/\/physical.ind.br\/index.php\/wp-json\/wp\/v2\/types\/product"}],"wp:featuredmedia":[{"embeddable":true,"href":"https:\/\/physical.ind.br\/index.php\/wp-json\/wp\/v2\/media\/704"}],"wp:attachment":[{"href":"https:\/\/physical.ind.br\/index.php\/wp-json\/wp\/v2\/media?parent=698"}],"curies":[{"name":"wp","href":"https:\/\/api.w.org\/{rel}","templated":true}]}}