{"id":697,"date":"2021-04-11T19:22:45","date_gmt":"2021-04-11T22:22:45","guid":{"rendered":"https:\/\/physical.ind.br\/?post_type=product&#038;p=697"},"modified":"2021-05-10T13:30:29","modified_gmt":"2021-05-10T16:30:29","slug":"travesseiro-multi-camadas","status":"publish","type":"product","link":"https:\/\/physical.ind.br\/index.php\/produto\/travesseiro-multi-camadas\/","title":{"rendered":"Travesseiro Multi Camadas"},"content":{"rendered":"<p>O travesseiro cont\u00e9m tr\u00eas camadas de espuma interna remov\u00edveis, o que possibilita uma maior adapta\u00e7\u00e3o ao usu\u00e1rio. Seu revestimento externo com uma espuma macia e perfilada oferece muito conforto aliado a terapia das pastilhas de im\u00e3 e infravermelho longo.<br \/>\n\u2714 4 Alturas regul\u00e1vel<br \/>\n\u2714 Pastilhas de infravermelho<br \/>\n\u2714 Antial\u00e9rgico e anti\u00e1caro<\/p>\n","protected":false},"excerpt":{"rendered":"<p>O travesseiro cont\u00e9m tr\u00eas camadas de espuma interna remov\u00edveis, o que possibilita uma maior adapta\u00e7\u00e3o ao usu\u00e1rio. Seu revestimento externo com uma espuma macia e perfilada oferece muito conforto aliado a terapia das pastilhas de im\u00e3 e infravermelho longo. \u2714 4 Alturas regul\u00e1vel \u2714 Pastilhas de infravermelho \u2714 Antial\u00e9rgico e anti\u00e1caro<\/p>\n","protected":false},"featured_media":931,"template":"","meta":{"_monsterinsights_skip_tracking":false,"_monsterinsights_sitenote_active":false,"_monsterinsights_sitenote_note":"","_monsterinsights_sitenote_category":0},"_links":{"self":[{"href":"https:\/\/physical.ind.br\/index.php\/wp-json\/wp\/v2\/product\/697"}],"collection":[{"href":"https:\/\/physical.ind.br\/index.php\/wp-json\/wp\/v2\/product"}],"about":[{"href":"https:\/\/physical.ind.br\/index.php\/wp-json\/wp\/v2\/types\/product"}],"wp:featuredmedia":[{"embeddable":true,"href":"https:\/\/physical.ind.br\/index.php\/wp-json\/wp\/v2\/media\/931"}],"wp:attachment":[{"href":"https:\/\/physical.ind.br\/index.php\/wp-json\/wp\/v2\/media?parent=697"}],"curies":[{"name":"wp","href":"https:\/\/api.w.org\/{rel}","templated":true}]}}