{"id":651,"date":"2021-04-11T17:04:14","date_gmt":"2021-04-11T20:04:14","guid":{"rendered":"https:\/\/physical.ind.br\/?post_type=product&#038;p=651"},"modified":"2021-08-06T11:23:32","modified_gmt":"2021-08-06T14:23:32","slug":"poltrona-shiatsu-gravidade-zero","status":"publish","type":"product","link":"https:\/\/physical.ind.br\/index.php\/produto\/poltrona-shiatsu-gravidade-zero\/","title":{"rendered":"Poltrona Shyatsu Gravidade 0"},"content":{"rendered":"<p>Muito mais que o designer inovador e futurista a Poltrona Shyatsu Gravidade 0 tem esse nome devido ao seu sistema de inclina\u00e7\u00e3o horizontal, que permite que seu corpo fique suspenso distribuindo seu peso de forma equilibrada, proporcionando uma total sensa\u00e7\u00e3o de relaxamento combinada com massagem de shyatsu , localizada no encosto e vibroterapia no assento e descanso de pernas.<\/p>\n<p>\uf0fc Controle remoto com fio<br \/>\n\uf0fc Massagem de Shyatsu<br \/>\n\uf0fc Vibroterapia<br \/>\n\uf0fc Regulagem eletr\u00f4nica de inclina\u00e7\u00e3o com sensor de toque<br \/>\n\uf0fc Entrada usb<\/p>\n","protected":false},"excerpt":{"rendered":"<p>Muito mais que o designer inovador e futurista a Poltrona Shyatsu Gravidade 0 tem esse nome devido ao seu sistema de inclina\u00e7\u00e3o horizontal, que permite que seu corpo fique suspenso distribuindo seu peso de forma equilibrada, proporcionando uma total sensa\u00e7\u00e3o de relaxamento combinada com massagem de shyatsu , localizada no encosto e vibroterapia no assento &hellip;<\/p>\n<p class=\"read-more\"> <a class=\"\" href=\"https:\/\/physical.ind.br\/index.php\/produto\/poltrona-shiatsu-gravidade-zero\/\"> <span class=\"screen-reader-text\">Poltrona Shyatsu Gravidade 0<\/span> Leia mais &raquo;<\/a><\/p>\n","protected":false},"featured_media":955,"template":"","meta":{"_monsterinsights_skip_tracking":false,"_monsterinsights_sitenote_active":false,"_monsterinsights_sitenote_note":"","_monsterinsights_sitenote_category":0},"_links":{"self":[{"href":"https:\/\/physical.ind.br\/index.php\/wp-json\/wp\/v2\/product\/651"}],"collection":[{"href":"https:\/\/physical.ind.br\/index.php\/wp-json\/wp\/v2\/product"}],"about":[{"href":"https:\/\/physical.ind.br\/index.php\/wp-json\/wp\/v2\/types\/product"}],"wp:featuredmedia":[{"embeddable":true,"href":"https:\/\/physical.ind.br\/index.php\/wp-json\/wp\/v2\/media\/955"}],"wp:attachment":[{"href":"https:\/\/physical.ind.br\/index.php\/wp-json\/wp\/v2\/media?parent=651"}],"curies":[{"name":"wp","href":"https:\/\/api.w.org\/{rel}","templated":true}]}}