{"id":453,"date":"2021-08-01T20:30:24","date_gmt":"2021-08-01T23:30:24","guid":{"rendered":"https:\/\/physical.ind.br\/?post_type=product&#038;p=453"},"modified":"2021-08-04T19:46:48","modified_gmt":"2021-08-04T22:46:48","slug":"kit-massagem-single","status":"publish","type":"product","link":"https:\/\/physical.ind.br\/index.php\/produto\/kit-massagem-single\/","title":{"rendered":"Kit massagem Single"},"content":{"rendered":"<p>\u2714 Display em Led<br \/>\n\u2714 25 Fun\u00e7\u00f5es de massagem<br \/>\n\u2714 Sele\u00e7\u00e3o de tempo<br \/>\n\u2714 Controle da Pot\u00eancia<br \/>\n\u2714 Sele\u00e7\u00e3o de pontos de massagem<br \/>\n\u2714 Energia Bioqu\u00e2ntica<br \/>\n\u2714 Op\u00e7\u00e3o de 4, 8 ou 16 motores para Colch\u00e3o Solteiro<\/p>\n<p><strong>Principais aplica\u00e7\u00f5es:<\/strong><\/p>\n<p><img loading=\"lazy\" class=\"alignnone wp-image-622\" src=\"https:\/\/physical.ind.br\/wp-content\/uploads\/2021\/04\/3-300x298.png\" alt=\"\" width=\"123\" height=\"122\" srcset=\"https:\/\/physical.ind.br\/wp-content\/uploads\/2021\/04\/3-300x300.png 300w, https:\/\/physical.ind.br\/wp-content\/uploads\/2021\/04\/3-100x100.png 100w, https:\/\/physical.ind.br\/wp-content\/uploads\/2021\/04\/3-150x150.png 150w, https:\/\/physical.ind.br\/wp-content\/uploads\/2021\/04\/3.png 368w\" sizes=\"(max-width: 123px) 100vw, 123px\" \/><\/p>\n","protected":false},"excerpt":{"rendered":"<p>\u2714 Display em Led \u2714 25 Fun\u00e7\u00f5es de massagem \u2714 Sele\u00e7\u00e3o de tempo \u2714 Controle da Pot\u00eancia \u2714 Sele\u00e7\u00e3o de pontos de massagem \u2714 Energia Bioqu\u00e2ntica \u2714 Op\u00e7\u00e3o de 4, 8 ou 16 motores para Colch\u00e3o Solteiro Principais aplica\u00e7\u00f5es:<\/p>\n","protected":false},"featured_media":449,"template":"","meta":{"_monsterinsights_skip_tracking":false,"_monsterinsights_sitenote_active":false,"_monsterinsights_sitenote_note":"","_monsterinsights_sitenote_category":0},"_links":{"self":[{"href":"https:\/\/physical.ind.br\/index.php\/wp-json\/wp\/v2\/product\/453"}],"collection":[{"href":"https:\/\/physical.ind.br\/index.php\/wp-json\/wp\/v2\/product"}],"about":[{"href":"https:\/\/physical.ind.br\/index.php\/wp-json\/wp\/v2\/types\/product"}],"wp:featuredmedia":[{"embeddable":true,"href":"https:\/\/physical.ind.br\/index.php\/wp-json\/wp\/v2\/media\/449"}],"wp:attachment":[{"href":"https:\/\/physical.ind.br\/index.php\/wp-json\/wp\/v2\/media?parent=453"}],"curies":[{"name":"wp","href":"https:\/\/api.w.org\/{rel}","templated":true}]}}