{"id":452,"date":"2021-08-02T20:29:17","date_gmt":"2021-08-02T23:29:17","guid":{"rendered":"https:\/\/physical.ind.br\/?post_type=product&#038;p=452"},"modified":"2021-08-04T19:46:08","modified_gmt":"2021-08-04T22:46:08","slug":"kit-massagem-life","status":"publish","type":"product","link":"https:\/\/physical.ind.br\/index.php\/produto\/kit-massagem-life\/","title":{"rendered":"Kit massagem Life"},"content":{"rendered":"<p>\u2714 Display em Led<br \/>\n\u2714 25 Fun\u00e7\u00f5es de massagem<br \/>\n\u2714 Sele\u00e7\u00e3o de tempo<br \/>\n\u2714 Controle da Pot\u00eancia<br \/>\n\u2714 Sele\u00e7\u00e3o de pontos de massagem<br \/>\n\u2714 T\u00e9rmico<br \/>\n\u2714 Cromoterapia<br \/>\n\u2714 Op\u00e7\u00e3o de 4, 8 ou 16 motores<\/p>\n<p><strong>Principais aplica\u00e7\u00f5es:<\/strong><\/p>\n<p><img loading=\"lazy\" class=\"alignnone wp-image-681\" src=\"https:\/\/physical.ind.br\/wp-content\/uploads\/2021\/04\/almofada-300x300.png\" alt=\"\" width=\"132\" height=\"132\" srcset=\"https:\/\/physical.ind.br\/wp-content\/uploads\/2021\/04\/almofada-300x300.png 300w, https:\/\/physical.ind.br\/wp-content\/uploads\/2021\/04\/almofada-100x100.png 100w, https:\/\/physical.ind.br\/wp-content\/uploads\/2021\/04\/almofada-150x150.png 150w, https:\/\/physical.ind.br\/wp-content\/uploads\/2021\/04\/almofada.png 368w\" sizes=\"(max-width: 132px) 100vw, 132px\" \/><img loading=\"lazy\" class=\"alignnone wp-image-682\" style=\"font-style: inherit; font-weight: inherit;\" src=\"https:\/\/physical.ind.br\/wp-content\/uploads\/2021\/04\/esteira-300x300.png\" alt=\"\" width=\"131\" height=\"131\" srcset=\"https:\/\/physical.ind.br\/wp-content\/uploads\/2021\/04\/esteira-300x300.png 300w, https:\/\/physical.ind.br\/wp-content\/uploads\/2021\/04\/esteira-100x100.png 100w, https:\/\/physical.ind.br\/wp-content\/uploads\/2021\/04\/esteira-150x150.png 150w, https:\/\/physical.ind.br\/wp-content\/uploads\/2021\/04\/esteira.png 368w\" sizes=\"(max-width: 131px) 100vw, 131px\" \/><\/p>\n<p>&nbsp;<\/p>\n","protected":false},"excerpt":{"rendered":"<p>\u2714 Display em Led \u2714 25 Fun\u00e7\u00f5es de massagem \u2714 Sele\u00e7\u00e3o de tempo \u2714 Controle da Pot\u00eancia \u2714 Sele\u00e7\u00e3o de pontos de massagem \u2714 T\u00e9rmico \u2714 Cromoterapia \u2714 Op\u00e7\u00e3o de 4, 8 ou 16 motores Principais aplica\u00e7\u00f5es: &nbsp;<\/p>\n","protected":false},"featured_media":445,"template":"","meta":{"_monsterinsights_skip_tracking":false,"_monsterinsights_sitenote_active":false,"_monsterinsights_sitenote_note":"","_monsterinsights_sitenote_category":0},"_links":{"self":[{"href":"https:\/\/physical.ind.br\/index.php\/wp-json\/wp\/v2\/product\/452"}],"collection":[{"href":"https:\/\/physical.ind.br\/index.php\/wp-json\/wp\/v2\/product"}],"about":[{"href":"https:\/\/physical.ind.br\/index.php\/wp-json\/wp\/v2\/types\/product"}],"wp:featuredmedia":[{"embeddable":true,"href":"https:\/\/physical.ind.br\/index.php\/wp-json\/wp\/v2\/media\/445"}],"wp:attachment":[{"href":"https:\/\/physical.ind.br\/index.php\/wp-json\/wp\/v2\/media?parent=452"}],"curies":[{"name":"wp","href":"https:\/\/api.w.org\/{rel}","templated":true}]}}