{"id":444,"date":"2021-08-04T15:27:43","date_gmt":"2021-08-04T18:27:43","guid":{"rendered":"https:\/\/physical.ind.br\/?post_type=product&#038;p=444"},"modified":"2021-08-19T11:41:18","modified_gmt":"2021-08-19T14:41:18","slug":"kit-de-massagem-pulse","status":"publish","type":"product","link":"https:\/\/physical.ind.br\/index.php\/produto\/kit-de-massagem-pulse\/","title":{"rendered":"Kit de Massagem Pulse"},"content":{"rendered":"<div style=\"width: 1920px;\" class=\"wp-video\"><!--[if lt IE 9]><script>document.createElement('video');<\/script><![endif]-->\n<video class=\"wp-video-shortcode\" id=\"video-444-1\" width=\"1920\" height=\"1080\" autoplay=\"1\" preload=\"auto\" controls=\"controls\"><source type=\"video\/mp4\" src=\"https:\/\/physical.ind.br\/wp-content\/uploads\/2021\/08\/003-Phisical-PULSE-alta.mp4?_=1\" \/><a href=\"https:\/\/physical.ind.br\/wp-content\/uploads\/2021\/08\/003-Phisical-PULSE-alta.mp4\">https:\/\/physical.ind.br\/wp-content\/uploads\/2021\/08\/003-Phisical-PULSE-alta.mp4<\/a><\/video><\/div>\n<p>* Display em Led<br \/>\n* 25 Fun\u00e7\u00f5es de massagem<br \/>\n* Sele\u00e7\u00e3o de tempo<br \/>\n* Controle da Pot\u00eancia<br \/>\n* Sele\u00e7\u00e3o de pontos de massagem<br \/>\n* Op\u00e7\u00e3o de 4, 8 ou 16 motores<\/p>\n<p><strong>Principais aplica\u00e7\u00f5es:<\/strong><\/p>\n<p><img loading=\"lazy\" class=\"alignnone wp-image-622\" src=\"https:\/\/physical.ind.br\/wp-content\/uploads\/2021\/04\/3-300x298.png\" alt=\"\" width=\"123\" height=\"122\" srcset=\"https:\/\/physical.ind.br\/wp-content\/uploads\/2021\/04\/3-300x300.png 300w, https:\/\/physical.ind.br\/wp-content\/uploads\/2021\/04\/3-100x100.png 100w, https:\/\/physical.ind.br\/wp-content\/uploads\/2021\/04\/3-150x150.png 150w, https:\/\/physical.ind.br\/wp-content\/uploads\/2021\/04\/3.png 368w\" sizes=\"(max-width: 123px) 100vw, 123px\" \/><img loading=\"lazy\" class=\"alignnone wp-image-873\" src=\"https:\/\/physical.ind.br\/wp-content\/uploads\/2021\/04\/poltrona-300x300.png\" alt=\"\" width=\"131\" height=\"131\" srcset=\"https:\/\/physical.ind.br\/wp-content\/uploads\/2021\/04\/poltrona-300x300.png 300w, https:\/\/physical.ind.br\/wp-content\/uploads\/2021\/04\/poltrona-100x100.png 100w, https:\/\/physical.ind.br\/wp-content\/uploads\/2021\/04\/poltrona-150x150.png 150w, https:\/\/physical.ind.br\/wp-content\/uploads\/2021\/04\/poltrona.png 368w\" sizes=\"(max-width: 131px) 100vw, 131px\" \/> \u00a0<img loading=\"lazy\" class=\"alignnone wp-image-874\" style=\"font-weight: inherit;\" src=\"https:\/\/physical.ind.br\/wp-content\/uploads\/2021\/04\/sofa-1-300x300.png\" alt=\"\" width=\"131\" height=\"131\" srcset=\"https:\/\/physical.ind.br\/wp-content\/uploads\/2021\/04\/sofa-1-300x300.png 300w, https:\/\/physical.ind.br\/wp-content\/uploads\/2021\/04\/sofa-1-100x100.png 100w, https:\/\/physical.ind.br\/wp-content\/uploads\/2021\/04\/sofa-1-150x150.png 150w, https:\/\/physical.ind.br\/wp-content\/uploads\/2021\/04\/sofa-1.png 368w\" sizes=\"(max-width: 131px) 100vw, 131px\" \/><\/p>\n<p>&nbsp;<\/p>\n","protected":false},"excerpt":{"rendered":"<p>* Display em Led * 25 Fun\u00e7\u00f5es de massagem * Sele\u00e7\u00e3o de tempo * Controle da Pot\u00eancia * Sele\u00e7\u00e3o de pontos de massagem * Op\u00e7\u00e3o de 4, 8 ou 16 motores Principais aplica\u00e7\u00f5es: \u00a0 &nbsp;<\/p>\n","protected":false},"featured_media":447,"template":"","meta":{"_monsterinsights_skip_tracking":false,"_monsterinsights_sitenote_active":false,"_monsterinsights_sitenote_note":"","_monsterinsights_sitenote_category":0},"_links":{"self":[{"href":"https:\/\/physical.ind.br\/index.php\/wp-json\/wp\/v2\/product\/444"}],"collection":[{"href":"https:\/\/physical.ind.br\/index.php\/wp-json\/wp\/v2\/product"}],"about":[{"href":"https:\/\/physical.ind.br\/index.php\/wp-json\/wp\/v2\/types\/product"}],"wp:featuredmedia":[{"embeddable":true,"href":"https:\/\/physical.ind.br\/index.php\/wp-json\/wp\/v2\/media\/447"}],"wp:attachment":[{"href":"https:\/\/physical.ind.br\/index.php\/wp-json\/wp\/v2\/media?parent=444"}],"curies":[{"name":"wp","href":"https:\/\/api.w.org\/{rel}","templated":true}]}}